{"id":1925,"date":"2017-03-22T01:16:53","date_gmt":"2017-03-22T01:16:53","guid":{"rendered":"http:\/\/www.coopanestse.com.br\/?page_id=1925"},"modified":"2018-05-22T11:09:34","modified_gmt":"2018-05-22T11:09:34","slug":"login","status":"publish","type":"page","link":"https:\/\/www.coopanestse.com.br\/2024\/sistema\/login","title":{"rendered":"Autentica\u00e7\u00e3o de usu\u00e1rio"},"content":{"rendered":"","protected":false},"excerpt":{"rendered":"","protected":false},"author":1,"featured_media":0,"parent":1928,"menu_order":11,"comment_status":"closed","ping_status":"closed","template":"","meta":{"_acf_changed":false,"footnotes":""},"acf":[],"yoast_head":"<!-- This site is optimized with the Yoast SEO plugin v23.0 - https:\/\/yoast.com\/wordpress\/plugins\/seo\/ -->\n<title>Autentica\u00e7\u00e3o de usu\u00e1rio - Coopanest-SE<\/title>\n<meta name=\"robots\" content=\"noindex, nofollow\" \/>\n<meta property=\"og:locale\" content=\"pt_BR\" \/>\n<meta property=\"og:type\" content=\"article\" \/>\n<meta property=\"og:title\" content=\"Autentica\u00e7\u00e3o de usu\u00e1rio - Coopanest-SE\" \/>\n<meta property=\"og:url\" content=\"https:\/\/www.coopanestse.com.br\/2024\/sistema\/login\" \/>\n<meta property=\"og:site_name\" content=\"Coopanest-SE\" \/>\n<meta property=\"article:modified_time\" content=\"2018-05-22T11:09:34+00:00\" \/>\n<script type=\"application\/ld+json\" class=\"yoast-schema-graph\">{\"@context\":\"https:\/\/schema.org\",\"@graph\":[{\"@type\":\"WebPage\",\"@id\":\"https:\/\/www.coopanestse.com.br\/2024\/sistema\/login\",\"url\":\"https:\/\/www.coopanestse.com.br\/2024\/sistema\/login\",\"name\":\"Autentica\u00e7\u00e3o de usu\u00e1rio - Coopanest-SE\",\"isPartOf\":{\"@id\":\"https:\/\/www.coopanestse.com.br\/2024\/#website\"},\"datePublished\":\"2017-03-22T01:16:53+00:00\",\"dateModified\":\"2018-05-22T11:09:34+00:00\",\"breadcrumb\":{\"@id\":\"https:\/\/www.coopanestse.com.br\/2024\/sistema\/login#breadcrumb\"},\"inLanguage\":\"pt-BR\",\"potentialAction\":[{\"@type\":\"ReadAction\",\"target\":[\"https:\/\/www.coopanestse.com.br\/2024\/sistema\/login\"]}]},{\"@type\":\"BreadcrumbList\",\"@id\":\"https:\/\/www.coopanestse.com.br\/2024\/sistema\/login#breadcrumb\",\"itemListElement\":[{\"@type\":\"ListItem\",\"position\":1,\"name\":\"In\u00edcio\",\"item\":\"https:\/\/www.coopanestse.com.br\/2024\"},{\"@type\":\"ListItem\",\"position\":2,\"name\":\"Sistema\",\"item\":\"https:\/\/www.coopanestse.com.br\/2024\/sistema\"},{\"@type\":\"ListItem\",\"position\":3,\"name\":\"Autentica\u00e7\u00e3o de usu\u00e1rio\"}]},{\"@type\":\"WebSite\",\"@id\":\"https:\/\/www.coopanestse.com.br\/2024\/#website\",\"url\":\"https:\/\/www.coopanestse.com.br\/2024\/\",\"name\":\"Coopanest-SE\",\"description\":\"\",\"potentialAction\":[{\"@type\":\"SearchAction\",\"target\":{\"@type\":\"EntryPoint\",\"urlTemplate\":\"https:\/\/www.coopanestse.com.br\/2024\/?s={search_term_string}\"},\"query-input\":\"required name=search_term_string\"}],\"inLanguage\":\"pt-BR\"}]}<\/script>\n<!-- \/ Yoast SEO plugin. -->","yoast_head_json":{"title":"Autentica\u00e7\u00e3o de usu\u00e1rio - Coopanest-SE","robots":{"index":"noindex","follow":"nofollow"},"og_locale":"pt_BR","og_type":"article","og_title":"Autentica\u00e7\u00e3o de usu\u00e1rio - Coopanest-SE","og_url":"https:\/\/www.coopanestse.com.br\/2024\/sistema\/login","og_site_name":"Coopanest-SE","article_modified_time":"2018-05-22T11:09:34+00:00","schema":{"@context":"https:\/\/schema.org","@graph":[{"@type":"WebPage","@id":"https:\/\/www.coopanestse.com.br\/2024\/sistema\/login","url":"https:\/\/www.coopanestse.com.br\/2024\/sistema\/login","name":"Autentica\u00e7\u00e3o de usu\u00e1rio - Coopanest-SE","isPartOf":{"@id":"https:\/\/www.coopanestse.com.br\/2024\/#website"},"datePublished":"2017-03-22T01:16:53+00:00","dateModified":"2018-05-22T11:09:34+00:00","breadcrumb":{"@id":"https:\/\/www.coopanestse.com.br\/2024\/sistema\/login#breadcrumb"},"inLanguage":"pt-BR","potentialAction":[{"@type":"ReadAction","target":["https:\/\/www.coopanestse.com.br\/2024\/sistema\/login"]}]},{"@type":"BreadcrumbList","@id":"https:\/\/www.coopanestse.com.br\/2024\/sistema\/login#breadcrumb","itemListElement":[{"@type":"ListItem","position":1,"name":"In\u00edcio","item":"https:\/\/www.coopanestse.com.br\/2024"},{"@type":"ListItem","position":2,"name":"Sistema","item":"https:\/\/www.coopanestse.com.br\/2024\/sistema"},{"@type":"ListItem","position":3,"name":"Autentica\u00e7\u00e3o de usu\u00e1rio"}]},{"@type":"WebSite","@id":"https:\/\/www.coopanestse.com.br\/2024\/#website","url":"https:\/\/www.coopanestse.com.br\/2024\/","name":"Coopanest-SE","description":"","potentialAction":[{"@type":"SearchAction","target":{"@type":"EntryPoint","urlTemplate":"https:\/\/www.coopanestse.com.br\/2024\/?s={search_term_string}"},"query-input":"required name=search_term_string"}],"inLanguage":"pt-BR"}]}},"_links":{"self":[{"href":"https:\/\/www.coopanestse.com.br\/2024\/wp-json\/wp\/v2\/pages\/1925"}],"collection":[{"href":"https:\/\/www.coopanestse.com.br\/2024\/wp-json\/wp\/v2\/pages"}],"about":[{"href":"https:\/\/www.coopanestse.com.br\/2024\/wp-json\/wp\/v2\/types\/page"}],"author":[{"embeddable":true,"href":"https:\/\/www.coopanestse.com.br\/2024\/wp-json\/wp\/v2\/users\/1"}],"replies":[{"embeddable":true,"href":"https:\/\/www.coopanestse.com.br\/2024\/wp-json\/wp\/v2\/comments?post=1925"}],"version-history":[{"count":1,"href":"https:\/\/www.coopanestse.com.br\/2024\/wp-json\/wp\/v2\/pages\/1925\/revisions"}],"predecessor-version":[{"id":2511,"href":"https:\/\/www.coopanestse.com.br\/2024\/wp-json\/wp\/v2\/pages\/1925\/revisions\/2511"}],"up":[{"embeddable":true,"href":"https:\/\/www.coopanestse.com.br\/2024\/wp-json\/wp\/v2\/pages\/1928"}],"wp:attachment":[{"href":"https:\/\/www.coopanestse.com.br\/2024\/wp-json\/wp\/v2\/media?parent=1925"}],"curies":[{"name":"wp","href":"https:\/\/api.w.org\/{rel}","templated":true}]}}