{"id":3688,"date":"2023-12-16T12:39:37","date_gmt":"2023-12-16T12:39:37","guid":{"rendered":"http:\/\/www.coopanestse.com.br\/?page_id=3688"},"modified":"2025-03-10T16:08:38","modified_gmt":"2025-03-10T16:08:38","slug":"canal-de-confianca","status":"publish","type":"page","link":"https:\/\/www.coopanestse.com.br\/2024\/compliance\/canal-de-confianca","title":{"rendered":"Canal de confian\u00e7a"},"content":{"rendered":"<p>Bem-vindo ao Canal de Confian\u00e7a da COOPANEST-BA. Esta \u00e9 uma ferramenta an\u00f4nima, confidencial e segura para que colaboradores, cooperados, diretores ou terceiros possam reportar desvios ou atos que violem o Manual de Compliance da COOPANEST-BA ou a legisla\u00e7\u00e3o brasileira, em especial eventuais atos de corrup\u00e7\u00e3o, fraude e demais irregularidades previstas na Lei n. 12.846\/2013, bem como enviar sugest\u00f5es e questionamentos ao Comit\u00ea de Compliance.<\/p>\n","protected":false},"excerpt":{"rendered":"<p>Bem-vindo ao Canal de Confian\u00e7a da COOPANEST-BA. Esta \u00e9 uma ferramenta an\u00f4nima, confidencial e segura para que colaboradores, cooperados, diretores ou terceiros possam reportar desvios ou atos que violem o Manual de Compliance da COOPANEST-BA ou a legisla\u00e7\u00e3o brasileira, em especial eventuais atos de corrup\u00e7\u00e3o, fraude e demais irregularidades previstas na Lei n. 12.846\/2013, bem [&hellip;]<\/p>\n","protected":false},"author":1,"featured_media":0,"parent":3686,"menu_order":0,"comment_status":"closed","ping_status":"closed","template":"","meta":{"_acf_changed":false,"footnotes":""},"acf":[],"yoast_head":"<!-- This site is optimized with the Yoast SEO plugin v23.0 - https:\/\/yoast.com\/wordpress\/plugins\/seo\/ -->\n<title>Canal de confian\u00e7a - Coopanest-SE<\/title>\n<meta name=\"description\" content=\"Bem-vindo ao Canal de Confian\u00e7a da COOPANEST-BA. Esta \u00e9 uma ferramenta an\u00f4nima, confidencial e segura para que colaboradores, cooperados, diretores ou\" \/>\n<meta name=\"robots\" content=\"index, follow, max-snippet:-1, max-image-preview:large, max-video-preview:-1\" \/>\n<link rel=\"canonical\" href=\"https:\/\/www.coopanestse.com.br\/2024\/compliance\/canal-de-confianca\" \/>\n<meta property=\"og:locale\" content=\"pt_BR\" \/>\n<meta property=\"og:type\" content=\"article\" \/>\n<meta property=\"og:title\" content=\"Canal de confian\u00e7a - Coopanest-SE\" \/>\n<meta property=\"og:description\" content=\"Bem-vindo ao Canal de Confian\u00e7a da COOPANEST-BA. Esta \u00e9 uma ferramenta an\u00f4nima, confidencial e segura para que colaboradores, cooperados, diretores ou\" \/>\n<meta property=\"og:url\" content=\"https:\/\/www.coopanestse.com.br\/2024\/compliance\/canal-de-confianca\" \/>\n<meta property=\"og:site_name\" content=\"Coopanest-SE\" \/>\n<meta property=\"article:modified_time\" content=\"2025-03-10T16:08:38+00:00\" \/>\n<meta name=\"twitter:label1\" content=\"Est. tempo de leitura\" \/>\n\t<meta name=\"twitter:data1\" content=\"1 minuto\" \/>\n<script type=\"application\/ld+json\" class=\"yoast-schema-graph\">{\"@context\":\"https:\/\/schema.org\",\"@graph\":[{\"@type\":\"WebPage\",\"@id\":\"https:\/\/www.coopanestse.com.br\/2024\/compliance\/canal-de-confianca\",\"url\":\"https:\/\/www.coopanestse.com.br\/2024\/compliance\/canal-de-confianca\",\"name\":\"Canal de confian\u00e7a - Coopanest-SE\",\"isPartOf\":{\"@id\":\"https:\/\/www.coopanestse.com.br\/2024\/#website\"},\"datePublished\":\"2023-12-16T12:39:37+00:00\",\"dateModified\":\"2025-03-10T16:08:38+00:00\",\"description\":\"Bem-vindo ao Canal de Confian\u00e7a da COOPANEST-BA. Esta \u00e9 uma ferramenta an\u00f4nima, confidencial e segura para que colaboradores, cooperados, diretores ou\",\"breadcrumb\":{\"@id\":\"https:\/\/www.coopanestse.com.br\/2024\/compliance\/canal-de-confianca#breadcrumb\"},\"inLanguage\":\"pt-BR\",\"potentialAction\":[{\"@type\":\"ReadAction\",\"target\":[\"https:\/\/www.coopanestse.com.br\/2024\/compliance\/canal-de-confianca\"]}]},{\"@type\":\"BreadcrumbList\",\"@id\":\"https:\/\/www.coopanestse.com.br\/2024\/compliance\/canal-de-confianca#breadcrumb\",\"itemListElement\":[{\"@type\":\"ListItem\",\"position\":1,\"name\":\"In\u00edcio\",\"item\":\"https:\/\/www.coopanestse.com.br\/2024\"},{\"@type\":\"ListItem\",\"position\":2,\"name\":\"Compliance\",\"item\":\"https:\/\/www.coopanestse.com.br\/2024\/compliance\"},{\"@type\":\"ListItem\",\"position\":3,\"name\":\"Canal de confian\u00e7a\"}]},{\"@type\":\"WebSite\",\"@id\":\"https:\/\/www.coopanestse.com.br\/2024\/#website\",\"url\":\"https:\/\/www.coopanestse.com.br\/2024\/\",\"name\":\"Coopanest-SE\",\"description\":\"\",\"potentialAction\":[{\"@type\":\"SearchAction\",\"target\":{\"@type\":\"EntryPoint\",\"urlTemplate\":\"https:\/\/www.coopanestse.com.br\/2024\/?s={search_term_string}\"},\"query-input\":\"required name=search_term_string\"}],\"inLanguage\":\"pt-BR\"}]}<\/script>\n<!-- \/ Yoast SEO plugin. -->","yoast_head_json":{"title":"Canal de confian\u00e7a - Coopanest-SE","description":"Bem-vindo ao Canal de Confian\u00e7a da COOPANEST-BA. Esta \u00e9 uma ferramenta an\u00f4nima, confidencial e segura para que colaboradores, cooperados, diretores ou","robots":{"index":"index","follow":"follow","max-snippet":"max-snippet:-1","max-image-preview":"max-image-preview:large","max-video-preview":"max-video-preview:-1"},"canonical":"https:\/\/www.coopanestse.com.br\/2024\/compliance\/canal-de-confianca","og_locale":"pt_BR","og_type":"article","og_title":"Canal de confian\u00e7a - Coopanest-SE","og_description":"Bem-vindo ao Canal de Confian\u00e7a da COOPANEST-BA. Esta \u00e9 uma ferramenta an\u00f4nima, confidencial e segura para que colaboradores, cooperados, diretores ou","og_url":"https:\/\/www.coopanestse.com.br\/2024\/compliance\/canal-de-confianca","og_site_name":"Coopanest-SE","article_modified_time":"2025-03-10T16:08:38+00:00","twitter_misc":{"Est. tempo de leitura":"1 minuto"},"schema":{"@context":"https:\/\/schema.org","@graph":[{"@type":"WebPage","@id":"https:\/\/www.coopanestse.com.br\/2024\/compliance\/canal-de-confianca","url":"https:\/\/www.coopanestse.com.br\/2024\/compliance\/canal-de-confianca","name":"Canal de confian\u00e7a - Coopanest-SE","isPartOf":{"@id":"https:\/\/www.coopanestse.com.br\/2024\/#website"},"datePublished":"2023-12-16T12:39:37+00:00","dateModified":"2025-03-10T16:08:38+00:00","description":"Bem-vindo ao Canal de Confian\u00e7a da COOPANEST-BA. Esta \u00e9 uma ferramenta an\u00f4nima, confidencial e segura para que colaboradores, cooperados, diretores ou","breadcrumb":{"@id":"https:\/\/www.coopanestse.com.br\/2024\/compliance\/canal-de-confianca#breadcrumb"},"inLanguage":"pt-BR","potentialAction":[{"@type":"ReadAction","target":["https:\/\/www.coopanestse.com.br\/2024\/compliance\/canal-de-confianca"]}]},{"@type":"BreadcrumbList","@id":"https:\/\/www.coopanestse.com.br\/2024\/compliance\/canal-de-confianca#breadcrumb","itemListElement":[{"@type":"ListItem","position":1,"name":"In\u00edcio","item":"https:\/\/www.coopanestse.com.br\/2024"},{"@type":"ListItem","position":2,"name":"Compliance","item":"https:\/\/www.coopanestse.com.br\/2024\/compliance"},{"@type":"ListItem","position":3,"name":"Canal de confian\u00e7a"}]},{"@type":"WebSite","@id":"https:\/\/www.coopanestse.com.br\/2024\/#website","url":"https:\/\/www.coopanestse.com.br\/2024\/","name":"Coopanest-SE","description":"","potentialAction":[{"@type":"SearchAction","target":{"@type":"EntryPoint","urlTemplate":"https:\/\/www.coopanestse.com.br\/2024\/?s={search_term_string}"},"query-input":"required name=search_term_string"}],"inLanguage":"pt-BR"}]}},"_links":{"self":[{"href":"https:\/\/www.coopanestse.com.br\/2024\/wp-json\/wp\/v2\/pages\/3688"}],"collection":[{"href":"https:\/\/www.coopanestse.com.br\/2024\/wp-json\/wp\/v2\/pages"}],"about":[{"href":"https:\/\/www.coopanestse.com.br\/2024\/wp-json\/wp\/v2\/types\/page"}],"author":[{"embeddable":true,"href":"https:\/\/www.coopanestse.com.br\/2024\/wp-json\/wp\/v2\/users\/1"}],"replies":[{"embeddable":true,"href":"https:\/\/www.coopanestse.com.br\/2024\/wp-json\/wp\/v2\/comments?post=3688"}],"version-history":[{"count":9,"href":"https:\/\/www.coopanestse.com.br\/2024\/wp-json\/wp\/v2\/pages\/3688\/revisions"}],"predecessor-version":[{"id":20836,"href":"https:\/\/www.coopanestse.com.br\/2024\/wp-json\/wp\/v2\/pages\/3688\/revisions\/20836"}],"up":[{"embeddable":true,"href":"https:\/\/www.coopanestse.com.br\/2024\/wp-json\/wp\/v2\/pages\/3686"}],"wp:attachment":[{"href":"https:\/\/www.coopanestse.com.br\/2024\/wp-json\/wp\/v2\/media?parent=3688"}],"curies":[{"name":"wp","href":"https:\/\/api.w.org\/{rel}","templated":true}]}}